{"id":3128,"date":"2022-10-12T00:32:04","date_gmt":"2022-10-11T23:32:04","guid":{"rendered":"https:\/\/onceforall.com\/schemes\/"},"modified":"2025-04-14T12:21:12","modified_gmt":"2025-04-14T11:21:12","slug":"implantations","status":"publish","type":"page","link":"https:\/\/onceforall.com\/fr\/implantations\/","title":{"rendered":"Nos implantations"},"content":{"rendered":"","protected":false},"excerpt":{"rendered":"","protected":false},"author":1,"featured_media":0,"parent":0,"menu_order":0,"comment_status":"closed","ping_status":"closed","template":"template-solutions.blade.php","meta":{"_acf_changed":false,"footnotes":""},"acf":[],"yoast_head":"<!-- This site is optimized with the Yoast SEO plugin v22.3 - https:\/\/yoast.com\/wordpress\/plugins\/seo\/ -->\n<title>Nos implantations et partenaires - Once For All<\/title>\n<meta name=\"description\" content=\"Optimisez la gestion de votre supply chain \u00e0 l&#039;\u00e9chelle Europ\u00e9enne gr\u00e2ce \u00e0 nos solutions d\u00e9di\u00e9es et adapt\u00e9es au contexte r\u00e9glementaire local.\" \/>\n<meta name=\"robots\" content=\"noindex, nofollow\" \/>\n<meta property=\"og:locale\" content=\"fr_FR\" \/>\n<meta property=\"og:type\" content=\"article\" \/>\n<meta property=\"og:title\" content=\"Nos implantations et partenaires - Once For All\" \/>\n<meta property=\"og:description\" content=\"Optimisez la gestion de votre supply chain \u00e0 l&#039;\u00e9chelle Europ\u00e9enne gr\u00e2ce \u00e0 nos solutions d\u00e9di\u00e9es et adapt\u00e9es au contexte r\u00e9glementaire local.\" \/>\n<meta property=\"og:url\" content=\"https:\/\/onceforall.com\/fr\/implantations\/\" \/>\n<meta property=\"og:site_name\" content=\"Once For All\" \/>\n<meta property=\"article:modified_time\" content=\"2025-04-14T11:21:12+00:00\" \/>\n<meta name=\"twitter:card\" content=\"summary_large_image\" \/>\n<script type=\"application\/ld+json\" class=\"yoast-schema-graph\">{\"@context\":\"https:\/\/schema.org\",\"@graph\":[{\"@type\":\"WebPage\",\"@id\":\"https:\/\/onceforall.com\/fr\/implantations\/\",\"url\":\"https:\/\/onceforall.com\/fr\/implantations\/\",\"name\":\"Nos implantations et partenaires - Once For All\",\"isPartOf\":{\"@id\":\"http:\/\/onceforall.com\/#website\"},\"datePublished\":\"2022-10-11T23:32:04+00:00\",\"dateModified\":\"2025-04-14T11:21:12+00:00\",\"description\":\"Optimisez la gestion de votre supply chain \u00e0 l'\u00e9chelle Europ\u00e9enne gr\u00e2ce \u00e0 nos solutions d\u00e9di\u00e9es et adapt\u00e9es au contexte r\u00e9glementaire local.\",\"breadcrumb\":{\"@id\":\"https:\/\/onceforall.com\/fr\/implantations\/#breadcrumb\"},\"inLanguage\":\"fr-FR\",\"potentialAction\":[{\"@type\":\"ReadAction\",\"target\":[\"https:\/\/onceforall.com\/fr\/implantations\/\"]}]},{\"@type\":\"BreadcrumbList\",\"@id\":\"https:\/\/onceforall.com\/fr\/implantations\/#breadcrumb\",\"itemListElement\":[{\"@type\":\"ListItem\",\"position\":1,\"name\":\"Home\",\"item\":\"https:\/\/onceforall.com\/fr\/\"},{\"@type\":\"ListItem\",\"position\":2,\"name\":\"Nos implantations\"}]},{\"@type\":\"WebSite\",\"@id\":\"http:\/\/onceforall.com\/#website\",\"url\":\"http:\/\/onceforall.com\/\",\"name\":\"Once For All\",\"description\":\"\",\"publisher\":{\"@id\":\"http:\/\/onceforall.com\/#organization\"},\"potentialAction\":[{\"@type\":\"SearchAction\",\"target\":{\"@type\":\"EntryPoint\",\"urlTemplate\":\"http:\/\/onceforall.com\/?s={search_term_string}\"},\"query-input\":\"required name=search_term_string\"}],\"inLanguage\":\"fr-FR\"},{\"@type\":\"Organization\",\"@id\":\"http:\/\/onceforall.com\/#organization\",\"name\":\"Once For All\",\"url\":\"http:\/\/onceforall.com\/\",\"logo\":{\"@type\":\"ImageObject\",\"inLanguage\":\"fr-FR\",\"@id\":\"http:\/\/onceforall.com\/#\/schema\/logo\/image\/\",\"url\":\"https:\/\/onceforall.com\/app\/uploads\/2023\/09\/Once-For-All-favicon.png\",\"contentUrl\":\"https:\/\/onceforall.com\/app\/uploads\/2023\/09\/Once-For-All-favicon.png\",\"width\":32,\"height\":32,\"caption\":\"Once For All\"},\"image\":{\"@id\":\"http:\/\/onceforall.com\/#\/schema\/logo\/image\/\"}}]}<\/script>\n<!-- \/ Yoast SEO plugin. -->","yoast_head_json":{"title":"Nos implantations et partenaires - Once For All","description":"Optimisez la gestion de votre supply chain \u00e0 l'\u00e9chelle Europ\u00e9enne gr\u00e2ce \u00e0 nos solutions d\u00e9di\u00e9es et adapt\u00e9es au contexte r\u00e9glementaire local.","robots":{"index":"noindex","follow":"nofollow"},"og_locale":"fr_FR","og_type":"article","og_title":"Nos implantations et partenaires - Once For All","og_description":"Optimisez la gestion de votre supply chain \u00e0 l'\u00e9chelle Europ\u00e9enne gr\u00e2ce \u00e0 nos solutions d\u00e9di\u00e9es et adapt\u00e9es au contexte r\u00e9glementaire local.","og_url":"https:\/\/onceforall.com\/fr\/implantations\/","og_site_name":"Once For All","article_modified_time":"2025-04-14T11:21:12+00:00","twitter_card":"summary_large_image","schema":{"@context":"https:\/\/schema.org","@graph":[{"@type":"WebPage","@id":"https:\/\/onceforall.com\/fr\/implantations\/","url":"https:\/\/onceforall.com\/fr\/implantations\/","name":"Nos implantations et partenaires - Once For All","isPartOf":{"@id":"http:\/\/onceforall.com\/#website"},"datePublished":"2022-10-11T23:32:04+00:00","dateModified":"2025-04-14T11:21:12+00:00","description":"Optimisez la gestion de votre supply chain \u00e0 l'\u00e9chelle Europ\u00e9enne gr\u00e2ce \u00e0 nos solutions d\u00e9di\u00e9es et adapt\u00e9es au contexte r\u00e9glementaire local.","breadcrumb":{"@id":"https:\/\/onceforall.com\/fr\/implantations\/#breadcrumb"},"inLanguage":"fr-FR","potentialAction":[{"@type":"ReadAction","target":["https:\/\/onceforall.com\/fr\/implantations\/"]}]},{"@type":"BreadcrumbList","@id":"https:\/\/onceforall.com\/fr\/implantations\/#breadcrumb","itemListElement":[{"@type":"ListItem","position":1,"name":"Home","item":"https:\/\/onceforall.com\/fr\/"},{"@type":"ListItem","position":2,"name":"Nos implantations"}]},{"@type":"WebSite","@id":"http:\/\/onceforall.com\/#website","url":"http:\/\/onceforall.com\/","name":"Once For All","description":"","publisher":{"@id":"http:\/\/onceforall.com\/#organization"},"potentialAction":[{"@type":"SearchAction","target":{"@type":"EntryPoint","urlTemplate":"http:\/\/onceforall.com\/?s={search_term_string}"},"query-input":"required name=search_term_string"}],"inLanguage":"fr-FR"},{"@type":"Organization","@id":"http:\/\/onceforall.com\/#organization","name":"Once For All","url":"http:\/\/onceforall.com\/","logo":{"@type":"ImageObject","inLanguage":"fr-FR","@id":"http:\/\/onceforall.com\/#\/schema\/logo\/image\/","url":"https:\/\/onceforall.com\/app\/uploads\/2023\/09\/Once-For-All-favicon.png","contentUrl":"https:\/\/onceforall.com\/app\/uploads\/2023\/09\/Once-For-All-favicon.png","width":32,"height":32,"caption":"Once For All"},"image":{"@id":"http:\/\/onceforall.com\/#\/schema\/logo\/image\/"}}]}},"_links":{"self":[{"href":"https:\/\/onceforall.com\/fr\/wp-json\/wp\/v2\/pages\/3128"}],"collection":[{"href":"https:\/\/onceforall.com\/fr\/wp-json\/wp\/v2\/pages"}],"about":[{"href":"https:\/\/onceforall.com\/fr\/wp-json\/wp\/v2\/types\/page"}],"author":[{"embeddable":true,"href":"https:\/\/onceforall.com\/fr\/wp-json\/wp\/v2\/users\/1"}],"replies":[{"embeddable":true,"href":"https:\/\/onceforall.com\/fr\/wp-json\/wp\/v2\/comments?post=3128"}],"version-history":[{"count":11,"href":"https:\/\/onceforall.com\/fr\/wp-json\/wp\/v2\/pages\/3128\/revisions"}],"predecessor-version":[{"id":3974,"href":"https:\/\/onceforall.com\/fr\/wp-json\/wp\/v2\/pages\/3128\/revisions\/3974"}],"wp:attachment":[{"href":"https:\/\/onceforall.com\/fr\/wp-json\/wp\/v2\/media?parent=3128"}],"curies":[{"name":"wp","href":"https:\/\/api.w.org\/{rel}","templated":true}]}}