{"id":3115,"date":"2020-02-12T15:28:54","date_gmt":"2020-02-12T15:28:54","guid":{"rendered":"https:\/\/onceforall.com\/home\/"},"modified":"2026-01-07T15:38:06","modified_gmt":"2026-01-07T15:38:06","slug":"home","status":"publish","type":"page","link":"https:\/\/onceforall.com\/fr\/","title":{"rendered":"Home"},"content":{"rendered":"","protected":false},"excerpt":{"rendered":"","protected":false},"author":1,"featured_media":0,"parent":0,"menu_order":0,"comment_status":"closed","ping_status":"open","template":"","meta":{"_acf_changed":false,"footnotes":""},"acf":[],"yoast_head":"<!-- This site is optimized with the Yoast SEO plugin v22.3 - https:\/\/yoast.com\/wordpress\/plugins\/seo\/ -->\n<title>Once For All - Solutions SaaS pour la gestion de la supply chain<\/title>\n<meta name=\"description\" content=\"La technologie SaaS Once For All propose une richesse de fonctionnalit\u00e9s adapt\u00e9es aux enjeux cl\u00e9s de conformit\u00e9 et crit\u00e8res ESG.\" \/>\n<meta name=\"robots\" content=\"noindex, nofollow\" \/>\n<meta property=\"og:locale\" content=\"fr_FR\" \/>\n<meta property=\"og:type\" content=\"article\" \/>\n<meta property=\"og:title\" content=\"Once For All - Solutions SaaS pour la gestion de la supply chain\" \/>\n<meta property=\"og:description\" content=\"La technologie SaaS Once For All propose une richesse de fonctionnalit\u00e9s adapt\u00e9es aux enjeux cl\u00e9s de conformit\u00e9 et crit\u00e8res ESG.\" \/>\n<meta property=\"og:url\" content=\"https:\/\/onceforall.com\/fr\/\" \/>\n<meta property=\"og:site_name\" content=\"Once For All\" \/>\n<meta property=\"article:modified_time\" content=\"2026-01-07T15:38:06+00:00\" \/>\n<meta name=\"twitter:card\" content=\"summary_large_image\" \/>\n<script type=\"application\/ld+json\" class=\"yoast-schema-graph\">{\"@context\":\"https:\/\/schema.org\",\"@graph\":[{\"@type\":\"WebPage\",\"@id\":\"https:\/\/onceforall.com\/fr\/\",\"url\":\"https:\/\/onceforall.com\/fr\/\",\"name\":\"Once For All - Solutions SaaS pour la gestion de la supply chain\",\"isPartOf\":{\"@id\":\"http:\/\/onceforall.com\/#website\"},\"datePublished\":\"2020-02-12T15:28:54+00:00\",\"dateModified\":\"2026-01-07T15:38:06+00:00\",\"description\":\"La technologie SaaS Once For All propose une richesse de fonctionnalit\u00e9s adapt\u00e9es aux enjeux cl\u00e9s de conformit\u00e9 et crit\u00e8res ESG.\",\"breadcrumb\":{\"@id\":\"https:\/\/onceforall.com\/fr\/#breadcrumb\"},\"inLanguage\":\"fr-FR\",\"potentialAction\":[{\"@type\":\"ReadAction\",\"target\":[\"https:\/\/onceforall.com\/fr\/\"]}]},{\"@type\":\"BreadcrumbList\",\"@id\":\"https:\/\/onceforall.com\/fr\/#breadcrumb\",\"itemListElement\":[{\"@type\":\"ListItem\",\"position\":1,\"name\":\"Home\",\"item\":\"https:\/\/onceforall.com\/fr\/\"},{\"@type\":\"ListItem\",\"position\":2,\"name\":\"Home\"}]},{\"@type\":\"WebSite\",\"@id\":\"http:\/\/onceforall.com\/#website\",\"url\":\"http:\/\/onceforall.com\/\",\"name\":\"Once For All\",\"description\":\"\",\"publisher\":{\"@id\":\"http:\/\/onceforall.com\/#organization\"},\"potentialAction\":[{\"@type\":\"SearchAction\",\"target\":{\"@type\":\"EntryPoint\",\"urlTemplate\":\"http:\/\/onceforall.com\/?s={search_term_string}\"},\"query-input\":\"required name=search_term_string\"}],\"inLanguage\":\"fr-FR\"},{\"@type\":\"Organization\",\"@id\":\"http:\/\/onceforall.com\/#organization\",\"name\":\"Once For All\",\"url\":\"http:\/\/onceforall.com\/\",\"logo\":{\"@type\":\"ImageObject\",\"inLanguage\":\"fr-FR\",\"@id\":\"http:\/\/onceforall.com\/#\/schema\/logo\/image\/\",\"url\":\"https:\/\/onceforall.com\/app\/uploads\/2023\/09\/Once-For-All-favicon.png\",\"contentUrl\":\"https:\/\/onceforall.com\/app\/uploads\/2023\/09\/Once-For-All-favicon.png\",\"width\":32,\"height\":32,\"caption\":\"Once For All\"},\"image\":{\"@id\":\"http:\/\/onceforall.com\/#\/schema\/logo\/image\/\"}}]}<\/script>\n<!-- \/ Yoast SEO plugin. -->","yoast_head_json":{"title":"Once For All - Solutions SaaS pour la gestion de la supply chain","description":"La technologie SaaS Once For All propose une richesse de fonctionnalit\u00e9s adapt\u00e9es aux enjeux cl\u00e9s de conformit\u00e9 et crit\u00e8res ESG.","robots":{"index":"noindex","follow":"nofollow"},"og_locale":"fr_FR","og_type":"article","og_title":"Once For All - Solutions SaaS pour la gestion de la supply chain","og_description":"La technologie SaaS Once For All propose une richesse de fonctionnalit\u00e9s adapt\u00e9es aux enjeux cl\u00e9s de conformit\u00e9 et crit\u00e8res ESG.","og_url":"https:\/\/onceforall.com\/fr\/","og_site_name":"Once For All","article_modified_time":"2026-01-07T15:38:06+00:00","twitter_card":"summary_large_image","schema":{"@context":"https:\/\/schema.org","@graph":[{"@type":"WebPage","@id":"https:\/\/onceforall.com\/fr\/","url":"https:\/\/onceforall.com\/fr\/","name":"Once For All - Solutions SaaS pour la gestion de la supply chain","isPartOf":{"@id":"http:\/\/onceforall.com\/#website"},"datePublished":"2020-02-12T15:28:54+00:00","dateModified":"2026-01-07T15:38:06+00:00","description":"La technologie SaaS Once For All propose une richesse de fonctionnalit\u00e9s adapt\u00e9es aux enjeux cl\u00e9s de conformit\u00e9 et crit\u00e8res ESG.","breadcrumb":{"@id":"https:\/\/onceforall.com\/fr\/#breadcrumb"},"inLanguage":"fr-FR","potentialAction":[{"@type":"ReadAction","target":["https:\/\/onceforall.com\/fr\/"]}]},{"@type":"BreadcrumbList","@id":"https:\/\/onceforall.com\/fr\/#breadcrumb","itemListElement":[{"@type":"ListItem","position":1,"name":"Home","item":"https:\/\/onceforall.com\/fr\/"},{"@type":"ListItem","position":2,"name":"Home"}]},{"@type":"WebSite","@id":"http:\/\/onceforall.com\/#website","url":"http:\/\/onceforall.com\/","name":"Once For All","description":"","publisher":{"@id":"http:\/\/onceforall.com\/#organization"},"potentialAction":[{"@type":"SearchAction","target":{"@type":"EntryPoint","urlTemplate":"http:\/\/onceforall.com\/?s={search_term_string}"},"query-input":"required name=search_term_string"}],"inLanguage":"fr-FR"},{"@type":"Organization","@id":"http:\/\/onceforall.com\/#organization","name":"Once For All","url":"http:\/\/onceforall.com\/","logo":{"@type":"ImageObject","inLanguage":"fr-FR","@id":"http:\/\/onceforall.com\/#\/schema\/logo\/image\/","url":"https:\/\/onceforall.com\/app\/uploads\/2023\/09\/Once-For-All-favicon.png","contentUrl":"https:\/\/onceforall.com\/app\/uploads\/2023\/09\/Once-For-All-favicon.png","width":32,"height":32,"caption":"Once For All"},"image":{"@id":"http:\/\/onceforall.com\/#\/schema\/logo\/image\/"}}]}},"_links":{"self":[{"href":"https:\/\/onceforall.com\/fr\/wp-json\/wp\/v2\/pages\/3115"}],"collection":[{"href":"https:\/\/onceforall.com\/fr\/wp-json\/wp\/v2\/pages"}],"about":[{"href":"https:\/\/onceforall.com\/fr\/wp-json\/wp\/v2\/types\/page"}],"author":[{"embeddable":true,"href":"https:\/\/onceforall.com\/fr\/wp-json\/wp\/v2\/users\/1"}],"replies":[{"embeddable":true,"href":"https:\/\/onceforall.com\/fr\/wp-json\/wp\/v2\/comments?post=3115"}],"version-history":[{"count":33,"href":"https:\/\/onceforall.com\/fr\/wp-json\/wp\/v2\/pages\/3115\/revisions"}],"predecessor-version":[{"id":4276,"href":"https:\/\/onceforall.com\/fr\/wp-json\/wp\/v2\/pages\/3115\/revisions\/4276"}],"wp:attachment":[{"href":"https:\/\/onceforall.com\/fr\/wp-json\/wp\/v2\/media?parent=3115"}],"curies":[{"name":"wp","href":"https:\/\/api.w.org\/{rel}","templated":true}]}}