{"id":3112,"date":"2022-10-11T09:36:42","date_gmt":"2022-10-11T08:36:42","guid":{"rendered":"https:\/\/onceforall.com\/leadership-team\/"},"modified":"2025-04-14T12:21:36","modified_gmt":"2025-04-14T11:21:36","slug":"notre-equipe-dirigeante","status":"publish","type":"page","link":"https:\/\/onceforall.com\/fr\/notre-equipe-dirigeante\/","title":{"rendered":"Notre \u00e9quipe dirigeante"},"content":{"rendered":"","protected":false},"excerpt":{"rendered":"","protected":false},"author":1,"featured_media":0,"parent":0,"menu_order":0,"comment_status":"closed","ping_status":"closed","template":"","meta":{"_acf_changed":false,"footnotes":""},"acf":[],"yoast_head":"<!-- This site is optimized with the Yoast SEO plugin v22.3 - https:\/\/yoast.com\/wordpress\/plugins\/seo\/ -->\n<title>Notre \u00e9quipe dirigeante - Once For All<\/title>\n<meta name=\"description\" content=\"Le conseil d\u2019administration Once For All est compos\u00e9 d&#039;experts-m\u00e9tiers du secteur du BTP pour une meilleure d\u00e9livrabilit\u00e9 de service.\" \/>\n<meta name=\"robots\" content=\"noindex, nofollow\" \/>\n<meta property=\"og:locale\" content=\"fr_FR\" \/>\n<meta property=\"og:type\" content=\"article\" \/>\n<meta property=\"og:title\" content=\"Notre \u00e9quipe dirigeante - Once For All\" \/>\n<meta property=\"og:description\" content=\"Le conseil d\u2019administration Once For All est compos\u00e9 d&#039;experts-m\u00e9tiers du secteur du BTP pour une meilleure d\u00e9livrabilit\u00e9 de service.\" \/>\n<meta property=\"og:url\" content=\"https:\/\/onceforall.com\/fr\/notre-equipe-dirigeante\/\" \/>\n<meta property=\"og:site_name\" content=\"Once For All\" \/>\n<meta property=\"article:modified_time\" content=\"2025-04-14T11:21:36+00:00\" \/>\n<meta name=\"twitter:card\" content=\"summary_large_image\" \/>\n<script type=\"application\/ld+json\" class=\"yoast-schema-graph\">{\"@context\":\"https:\/\/schema.org\",\"@graph\":[{\"@type\":\"WebPage\",\"@id\":\"https:\/\/onceforall.com\/fr\/notre-equipe-dirigeante\/\",\"url\":\"https:\/\/onceforall.com\/fr\/notre-equipe-dirigeante\/\",\"name\":\"Notre \u00e9quipe dirigeante - Once For All\",\"isPartOf\":{\"@id\":\"http:\/\/onceforall.com\/#website\"},\"datePublished\":\"2022-10-11T08:36:42+00:00\",\"dateModified\":\"2025-04-14T11:21:36+00:00\",\"description\":\"Le conseil d\u2019administration Once For All est compos\u00e9 d'experts-m\u00e9tiers du secteur du BTP pour une meilleure d\u00e9livrabilit\u00e9 de service.\",\"breadcrumb\":{\"@id\":\"https:\/\/onceforall.com\/fr\/notre-equipe-dirigeante\/#breadcrumb\"},\"inLanguage\":\"fr-FR\",\"potentialAction\":[{\"@type\":\"ReadAction\",\"target\":[\"https:\/\/onceforall.com\/fr\/notre-equipe-dirigeante\/\"]}]},{\"@type\":\"BreadcrumbList\",\"@id\":\"https:\/\/onceforall.com\/fr\/notre-equipe-dirigeante\/#breadcrumb\",\"itemListElement\":[{\"@type\":\"ListItem\",\"position\":1,\"name\":\"Home\",\"item\":\"https:\/\/onceforall.com\/fr\/\"},{\"@type\":\"ListItem\",\"position\":2,\"name\":\"Notre \u00e9quipe dirigeante\"}]},{\"@type\":\"WebSite\",\"@id\":\"http:\/\/onceforall.com\/#website\",\"url\":\"http:\/\/onceforall.com\/\",\"name\":\"Once For All\",\"description\":\"\",\"publisher\":{\"@id\":\"http:\/\/onceforall.com\/#organization\"},\"potentialAction\":[{\"@type\":\"SearchAction\",\"target\":{\"@type\":\"EntryPoint\",\"urlTemplate\":\"http:\/\/onceforall.com\/?s={search_term_string}\"},\"query-input\":\"required name=search_term_string\"}],\"inLanguage\":\"fr-FR\"},{\"@type\":\"Organization\",\"@id\":\"http:\/\/onceforall.com\/#organization\",\"name\":\"Once For All\",\"url\":\"http:\/\/onceforall.com\/\",\"logo\":{\"@type\":\"ImageObject\",\"inLanguage\":\"fr-FR\",\"@id\":\"http:\/\/onceforall.com\/#\/schema\/logo\/image\/\",\"url\":\"https:\/\/onceforall.com\/app\/uploads\/2023\/09\/Once-For-All-favicon.png\",\"contentUrl\":\"https:\/\/onceforall.com\/app\/uploads\/2023\/09\/Once-For-All-favicon.png\",\"width\":32,\"height\":32,\"caption\":\"Once For All\"},\"image\":{\"@id\":\"http:\/\/onceforall.com\/#\/schema\/logo\/image\/\"}}]}<\/script>\n<!-- \/ Yoast SEO plugin. -->","yoast_head_json":{"title":"Notre \u00e9quipe dirigeante - Once For All","description":"Le conseil d\u2019administration Once For All est compos\u00e9 d'experts-m\u00e9tiers du secteur du BTP pour une meilleure d\u00e9livrabilit\u00e9 de service.","robots":{"index":"noindex","follow":"nofollow"},"og_locale":"fr_FR","og_type":"article","og_title":"Notre \u00e9quipe dirigeante - Once For All","og_description":"Le conseil d\u2019administration Once For All est compos\u00e9 d'experts-m\u00e9tiers du secteur du BTP pour une meilleure d\u00e9livrabilit\u00e9 de service.","og_url":"https:\/\/onceforall.com\/fr\/notre-equipe-dirigeante\/","og_site_name":"Once For All","article_modified_time":"2025-04-14T11:21:36+00:00","twitter_card":"summary_large_image","schema":{"@context":"https:\/\/schema.org","@graph":[{"@type":"WebPage","@id":"https:\/\/onceforall.com\/fr\/notre-equipe-dirigeante\/","url":"https:\/\/onceforall.com\/fr\/notre-equipe-dirigeante\/","name":"Notre \u00e9quipe dirigeante - Once For All","isPartOf":{"@id":"http:\/\/onceforall.com\/#website"},"datePublished":"2022-10-11T08:36:42+00:00","dateModified":"2025-04-14T11:21:36+00:00","description":"Le conseil d\u2019administration Once For All est compos\u00e9 d'experts-m\u00e9tiers du secteur du BTP pour une meilleure d\u00e9livrabilit\u00e9 de service.","breadcrumb":{"@id":"https:\/\/onceforall.com\/fr\/notre-equipe-dirigeante\/#breadcrumb"},"inLanguage":"fr-FR","potentialAction":[{"@type":"ReadAction","target":["https:\/\/onceforall.com\/fr\/notre-equipe-dirigeante\/"]}]},{"@type":"BreadcrumbList","@id":"https:\/\/onceforall.com\/fr\/notre-equipe-dirigeante\/#breadcrumb","itemListElement":[{"@type":"ListItem","position":1,"name":"Home","item":"https:\/\/onceforall.com\/fr\/"},{"@type":"ListItem","position":2,"name":"Notre \u00e9quipe dirigeante"}]},{"@type":"WebSite","@id":"http:\/\/onceforall.com\/#website","url":"http:\/\/onceforall.com\/","name":"Once For All","description":"","publisher":{"@id":"http:\/\/onceforall.com\/#organization"},"potentialAction":[{"@type":"SearchAction","target":{"@type":"EntryPoint","urlTemplate":"http:\/\/onceforall.com\/?s={search_term_string}"},"query-input":"required name=search_term_string"}],"inLanguage":"fr-FR"},{"@type":"Organization","@id":"http:\/\/onceforall.com\/#organization","name":"Once For All","url":"http:\/\/onceforall.com\/","logo":{"@type":"ImageObject","inLanguage":"fr-FR","@id":"http:\/\/onceforall.com\/#\/schema\/logo\/image\/","url":"https:\/\/onceforall.com\/app\/uploads\/2023\/09\/Once-For-All-favicon.png","contentUrl":"https:\/\/onceforall.com\/app\/uploads\/2023\/09\/Once-For-All-favicon.png","width":32,"height":32,"caption":"Once For All"},"image":{"@id":"http:\/\/onceforall.com\/#\/schema\/logo\/image\/"}}]}},"_links":{"self":[{"href":"https:\/\/onceforall.com\/fr\/wp-json\/wp\/v2\/pages\/3112"}],"collection":[{"href":"https:\/\/onceforall.com\/fr\/wp-json\/wp\/v2\/pages"}],"about":[{"href":"https:\/\/onceforall.com\/fr\/wp-json\/wp\/v2\/types\/page"}],"author":[{"embeddable":true,"href":"https:\/\/onceforall.com\/fr\/wp-json\/wp\/v2\/users\/1"}],"replies":[{"embeddable":true,"href":"https:\/\/onceforall.com\/fr\/wp-json\/wp\/v2\/comments?post=3112"}],"version-history":[{"count":20,"href":"https:\/\/onceforall.com\/fr\/wp-json\/wp\/v2\/pages\/3112\/revisions"}],"predecessor-version":[{"id":4443,"href":"https:\/\/onceforall.com\/fr\/wp-json\/wp\/v2\/pages\/3112\/revisions\/4443"}],"wp:attachment":[{"href":"https:\/\/onceforall.com\/fr\/wp-json\/wp\/v2\/media?parent=3112"}],"curies":[{"name":"wp","href":"https:\/\/api.w.org\/{rel}","templated":true}]}}