{"id":3105,"date":"2022-11-10T16:27:09","date_gmt":"2022-11-10T16:27:09","guid":{"rendered":"https:\/\/onceforall.com\/new-work-projects-and-opportunities\/"},"modified":"2025-04-14T12:08:26","modified_gmt":"2025-04-14T11:08:26","slug":"decouverte-opportunites","status":"publish","type":"page","link":"https:\/\/onceforall.com\/fr\/decouverte-opportunites\/","title":{"rendered":"D\u00e9couverte de nouvelles opportunit\u00e9s"},"content":{"rendered":"","protected":false},"excerpt":{"rendered":"","protected":false},"author":9,"featured_media":0,"parent":0,"menu_order":0,"comment_status":"closed","ping_status":"closed","template":"","meta":{"_acf_changed":false,"footnotes":""},"acf":[],"yoast_head":"<!-- This site is optimized with the Yoast SEO plugin v22.3 - https:\/\/yoast.com\/wordpress\/plugins\/seo\/ -->\n<title>Sourcing fournisseurs - Gestion de la supply chain - Once For All<\/title>\n<meta name=\"description\" content=\"Trouvez des fournisseurs et sous-traitants qualifi\u00e9s et en accord avec vos crit\u00e8res gr\u00e2ce \u00e0 Once For All.\" \/>\n<meta name=\"robots\" content=\"noindex, nofollow\" \/>\n<meta property=\"og:locale\" content=\"fr_FR\" \/>\n<meta property=\"og:type\" content=\"article\" \/>\n<meta property=\"og:title\" content=\"Sourcing fournisseurs - Gestion de la supply chain - Once For All\" \/>\n<meta property=\"og:description\" content=\"Trouvez des fournisseurs et sous-traitants qualifi\u00e9s et en accord avec vos crit\u00e8res gr\u00e2ce \u00e0 Once For All.\" \/>\n<meta property=\"og:url\" content=\"https:\/\/onceforall.com\/fr\/decouverte-opportunites\/\" \/>\n<meta property=\"og:site_name\" content=\"Once For All\" \/>\n<meta property=\"article:modified_time\" content=\"2025-04-14T11:08:26+00:00\" \/>\n<meta name=\"twitter:card\" content=\"summary_large_image\" \/>\n<script type=\"application\/ld+json\" class=\"yoast-schema-graph\">{\"@context\":\"https:\/\/schema.org\",\"@graph\":[{\"@type\":\"WebPage\",\"@id\":\"https:\/\/onceforall.com\/fr\/decouverte-opportunites\/\",\"url\":\"https:\/\/onceforall.com\/fr\/decouverte-opportunites\/\",\"name\":\"Sourcing fournisseurs - Gestion de la supply chain - Once For All\",\"isPartOf\":{\"@id\":\"http:\/\/onceforall.com\/#website\"},\"datePublished\":\"2022-11-10T16:27:09+00:00\",\"dateModified\":\"2025-04-14T11:08:26+00:00\",\"description\":\"Trouvez des fournisseurs et sous-traitants qualifi\u00e9s et en accord avec vos crit\u00e8res gr\u00e2ce \u00e0 Once For All.\",\"breadcrumb\":{\"@id\":\"https:\/\/onceforall.com\/fr\/decouverte-opportunites\/#breadcrumb\"},\"inLanguage\":\"fr-FR\",\"potentialAction\":[{\"@type\":\"ReadAction\",\"target\":[\"https:\/\/onceforall.com\/fr\/decouverte-opportunites\/\"]}]},{\"@type\":\"BreadcrumbList\",\"@id\":\"https:\/\/onceforall.com\/fr\/decouverte-opportunites\/#breadcrumb\",\"itemListElement\":[{\"@type\":\"ListItem\",\"position\":1,\"name\":\"Home\",\"item\":\"https:\/\/onceforall.com\/fr\/\"},{\"@type\":\"ListItem\",\"position\":2,\"name\":\"D\u00e9couverte de nouvelles opportunit\u00e9s\"}]},{\"@type\":\"WebSite\",\"@id\":\"http:\/\/onceforall.com\/#website\",\"url\":\"http:\/\/onceforall.com\/\",\"name\":\"Once For All\",\"description\":\"\",\"publisher\":{\"@id\":\"http:\/\/onceforall.com\/#organization\"},\"potentialAction\":[{\"@type\":\"SearchAction\",\"target\":{\"@type\":\"EntryPoint\",\"urlTemplate\":\"http:\/\/onceforall.com\/?s={search_term_string}\"},\"query-input\":\"required name=search_term_string\"}],\"inLanguage\":\"fr-FR\"},{\"@type\":\"Organization\",\"@id\":\"http:\/\/onceforall.com\/#organization\",\"name\":\"Once For All\",\"url\":\"http:\/\/onceforall.com\/\",\"logo\":{\"@type\":\"ImageObject\",\"inLanguage\":\"fr-FR\",\"@id\":\"http:\/\/onceforall.com\/#\/schema\/logo\/image\/\",\"url\":\"https:\/\/onceforall.com\/app\/uploads\/2023\/09\/Once-For-All-favicon.png\",\"contentUrl\":\"https:\/\/onceforall.com\/app\/uploads\/2023\/09\/Once-For-All-favicon.png\",\"width\":32,\"height\":32,\"caption\":\"Once For All\"},\"image\":{\"@id\":\"http:\/\/onceforall.com\/#\/schema\/logo\/image\/\"}}]}<\/script>\n<!-- \/ Yoast SEO plugin. -->","yoast_head_json":{"title":"Sourcing fournisseurs - Gestion de la supply chain - Once For All","description":"Trouvez des fournisseurs et sous-traitants qualifi\u00e9s et en accord avec vos crit\u00e8res gr\u00e2ce \u00e0 Once For All.","robots":{"index":"noindex","follow":"nofollow"},"og_locale":"fr_FR","og_type":"article","og_title":"Sourcing fournisseurs - Gestion de la supply chain - Once For All","og_description":"Trouvez des fournisseurs et sous-traitants qualifi\u00e9s et en accord avec vos crit\u00e8res gr\u00e2ce \u00e0 Once For All.","og_url":"https:\/\/onceforall.com\/fr\/decouverte-opportunites\/","og_site_name":"Once For All","article_modified_time":"2025-04-14T11:08:26+00:00","twitter_card":"summary_large_image","schema":{"@context":"https:\/\/schema.org","@graph":[{"@type":"WebPage","@id":"https:\/\/onceforall.com\/fr\/decouverte-opportunites\/","url":"https:\/\/onceforall.com\/fr\/decouverte-opportunites\/","name":"Sourcing fournisseurs - Gestion de la supply chain - Once For All","isPartOf":{"@id":"http:\/\/onceforall.com\/#website"},"datePublished":"2022-11-10T16:27:09+00:00","dateModified":"2025-04-14T11:08:26+00:00","description":"Trouvez des fournisseurs et sous-traitants qualifi\u00e9s et en accord avec vos crit\u00e8res gr\u00e2ce \u00e0 Once For All.","breadcrumb":{"@id":"https:\/\/onceforall.com\/fr\/decouverte-opportunites\/#breadcrumb"},"inLanguage":"fr-FR","potentialAction":[{"@type":"ReadAction","target":["https:\/\/onceforall.com\/fr\/decouverte-opportunites\/"]}]},{"@type":"BreadcrumbList","@id":"https:\/\/onceforall.com\/fr\/decouverte-opportunites\/#breadcrumb","itemListElement":[{"@type":"ListItem","position":1,"name":"Home","item":"https:\/\/onceforall.com\/fr\/"},{"@type":"ListItem","position":2,"name":"D\u00e9couverte de nouvelles opportunit\u00e9s"}]},{"@type":"WebSite","@id":"http:\/\/onceforall.com\/#website","url":"http:\/\/onceforall.com\/","name":"Once For All","description":"","publisher":{"@id":"http:\/\/onceforall.com\/#organization"},"potentialAction":[{"@type":"SearchAction","target":{"@type":"EntryPoint","urlTemplate":"http:\/\/onceforall.com\/?s={search_term_string}"},"query-input":"required name=search_term_string"}],"inLanguage":"fr-FR"},{"@type":"Organization","@id":"http:\/\/onceforall.com\/#organization","name":"Once For All","url":"http:\/\/onceforall.com\/","logo":{"@type":"ImageObject","inLanguage":"fr-FR","@id":"http:\/\/onceforall.com\/#\/schema\/logo\/image\/","url":"https:\/\/onceforall.com\/app\/uploads\/2023\/09\/Once-For-All-favicon.png","contentUrl":"https:\/\/onceforall.com\/app\/uploads\/2023\/09\/Once-For-All-favicon.png","width":32,"height":32,"caption":"Once For All"},"image":{"@id":"http:\/\/onceforall.com\/#\/schema\/logo\/image\/"}}]}},"_links":{"self":[{"href":"https:\/\/onceforall.com\/fr\/wp-json\/wp\/v2\/pages\/3105"}],"collection":[{"href":"https:\/\/onceforall.com\/fr\/wp-json\/wp\/v2\/pages"}],"about":[{"href":"https:\/\/onceforall.com\/fr\/wp-json\/wp\/v2\/types\/page"}],"author":[{"embeddable":true,"href":"https:\/\/onceforall.com\/fr\/wp-json\/wp\/v2\/users\/9"}],"replies":[{"embeddable":true,"href":"https:\/\/onceforall.com\/fr\/wp-json\/wp\/v2\/comments?post=3105"}],"version-history":[{"count":24,"href":"https:\/\/onceforall.com\/fr\/wp-json\/wp\/v2\/pages\/3105\/revisions"}],"predecessor-version":[{"id":3793,"href":"https:\/\/onceforall.com\/fr\/wp-json\/wp\/v2\/pages\/3105\/revisions\/3793"}],"wp:attachment":[{"href":"https:\/\/onceforall.com\/fr\/wp-json\/wp\/v2\/media?parent=3105"}],"curies":[{"name":"wp","href":"https:\/\/api.w.org\/{rel}","templated":true}]}}