{"id":3094,"date":"2022-10-25T08:50:50","date_gmt":"2022-10-25T07:50:50","guid":{"rendered":"https:\/\/onceforall.com\/our-strategy\/"},"modified":"2025-04-14T12:27:24","modified_gmt":"2025-04-14T11:27:24","slug":"notre-strategie","status":"publish","type":"page","link":"https:\/\/onceforall.com\/fr\/notre-strategie\/","title":{"rendered":"Notre strat\u00e9gie"},"content":{"rendered":"","protected":false},"excerpt":{"rendered":"","protected":false},"author":9,"featured_media":0,"parent":0,"menu_order":0,"comment_status":"closed","ping_status":"closed","template":"","meta":{"_acf_changed":false,"footnotes":""},"acf":[],"yoast_head":"<!-- This site is optimized with the Yoast SEO plugin v22.3 - https:\/\/yoast.com\/wordpress\/plugins\/seo\/ -->\n<title>Notre strat\u00e9gie - Once For All<\/title>\n<meta name=\"description\" content=\"Notre ambition est de b\u00e2tir des relations pour un monde plus durable gr\u00e2ce \u00e0 la collaboration des acteurs de la construction et de notre technologie SaaS.\" \/>\n<meta name=\"robots\" content=\"noindex, nofollow\" \/>\n<meta property=\"og:locale\" content=\"fr_FR\" \/>\n<meta property=\"og:type\" content=\"article\" \/>\n<meta property=\"og:title\" content=\"Notre strat\u00e9gie - Once For All\" \/>\n<meta property=\"og:description\" content=\"Notre ambition est de b\u00e2tir des relations pour un monde plus durable gr\u00e2ce \u00e0 la collaboration des acteurs de la construction et de notre technologie SaaS.\" \/>\n<meta property=\"og:url\" content=\"https:\/\/onceforall.com\/fr\/notre-strategie\/\" \/>\n<meta property=\"og:site_name\" content=\"Once For All\" \/>\n<meta property=\"article:modified_time\" content=\"2025-04-14T11:27:24+00:00\" \/>\n<meta name=\"twitter:card\" content=\"summary_large_image\" \/>\n<script type=\"application\/ld+json\" class=\"yoast-schema-graph\">{\"@context\":\"https:\/\/schema.org\",\"@graph\":[{\"@type\":\"WebPage\",\"@id\":\"https:\/\/onceforall.com\/fr\/notre-strategie\/\",\"url\":\"https:\/\/onceforall.com\/fr\/notre-strategie\/\",\"name\":\"Notre strat\u00e9gie - Once For All\",\"isPartOf\":{\"@id\":\"http:\/\/onceforall.com\/#website\"},\"datePublished\":\"2022-10-25T07:50:50+00:00\",\"dateModified\":\"2025-04-14T11:27:24+00:00\",\"description\":\"Notre ambition est de b\u00e2tir des relations pour un monde plus durable gr\u00e2ce \u00e0 la collaboration des acteurs de la construction et de notre technologie SaaS.\",\"breadcrumb\":{\"@id\":\"https:\/\/onceforall.com\/fr\/notre-strategie\/#breadcrumb\"},\"inLanguage\":\"fr-FR\",\"potentialAction\":[{\"@type\":\"ReadAction\",\"target\":[\"https:\/\/onceforall.com\/fr\/notre-strategie\/\"]}]},{\"@type\":\"BreadcrumbList\",\"@id\":\"https:\/\/onceforall.com\/fr\/notre-strategie\/#breadcrumb\",\"itemListElement\":[{\"@type\":\"ListItem\",\"position\":1,\"name\":\"Home\",\"item\":\"https:\/\/onceforall.com\/fr\/\"},{\"@type\":\"ListItem\",\"position\":2,\"name\":\"Notre strat\u00e9gie\"}]},{\"@type\":\"WebSite\",\"@id\":\"http:\/\/onceforall.com\/#website\",\"url\":\"http:\/\/onceforall.com\/\",\"name\":\"Once For All\",\"description\":\"\",\"publisher\":{\"@id\":\"http:\/\/onceforall.com\/#organization\"},\"potentialAction\":[{\"@type\":\"SearchAction\",\"target\":{\"@type\":\"EntryPoint\",\"urlTemplate\":\"http:\/\/onceforall.com\/?s={search_term_string}\"},\"query-input\":\"required name=search_term_string\"}],\"inLanguage\":\"fr-FR\"},{\"@type\":\"Organization\",\"@id\":\"http:\/\/onceforall.com\/#organization\",\"name\":\"Once For All\",\"url\":\"http:\/\/onceforall.com\/\",\"logo\":{\"@type\":\"ImageObject\",\"inLanguage\":\"fr-FR\",\"@id\":\"http:\/\/onceforall.com\/#\/schema\/logo\/image\/\",\"url\":\"https:\/\/onceforall.com\/app\/uploads\/2023\/09\/Once-For-All-favicon.png\",\"contentUrl\":\"https:\/\/onceforall.com\/app\/uploads\/2023\/09\/Once-For-All-favicon.png\",\"width\":32,\"height\":32,\"caption\":\"Once For All\"},\"image\":{\"@id\":\"http:\/\/onceforall.com\/#\/schema\/logo\/image\/\"}}]}<\/script>\n<!-- \/ Yoast SEO plugin. -->","yoast_head_json":{"title":"Notre strat\u00e9gie - Once For All","description":"Notre ambition est de b\u00e2tir des relations pour un monde plus durable gr\u00e2ce \u00e0 la collaboration des acteurs de la construction et de notre technologie SaaS.","robots":{"index":"noindex","follow":"nofollow"},"og_locale":"fr_FR","og_type":"article","og_title":"Notre strat\u00e9gie - Once For All","og_description":"Notre ambition est de b\u00e2tir des relations pour un monde plus durable gr\u00e2ce \u00e0 la collaboration des acteurs de la construction et de notre technologie SaaS.","og_url":"https:\/\/onceforall.com\/fr\/notre-strategie\/","og_site_name":"Once For All","article_modified_time":"2025-04-14T11:27:24+00:00","twitter_card":"summary_large_image","schema":{"@context":"https:\/\/schema.org","@graph":[{"@type":"WebPage","@id":"https:\/\/onceforall.com\/fr\/notre-strategie\/","url":"https:\/\/onceforall.com\/fr\/notre-strategie\/","name":"Notre strat\u00e9gie - Once For All","isPartOf":{"@id":"http:\/\/onceforall.com\/#website"},"datePublished":"2022-10-25T07:50:50+00:00","dateModified":"2025-04-14T11:27:24+00:00","description":"Notre ambition est de b\u00e2tir des relations pour un monde plus durable gr\u00e2ce \u00e0 la collaboration des acteurs de la construction et de notre technologie SaaS.","breadcrumb":{"@id":"https:\/\/onceforall.com\/fr\/notre-strategie\/#breadcrumb"},"inLanguage":"fr-FR","potentialAction":[{"@type":"ReadAction","target":["https:\/\/onceforall.com\/fr\/notre-strategie\/"]}]},{"@type":"BreadcrumbList","@id":"https:\/\/onceforall.com\/fr\/notre-strategie\/#breadcrumb","itemListElement":[{"@type":"ListItem","position":1,"name":"Home","item":"https:\/\/onceforall.com\/fr\/"},{"@type":"ListItem","position":2,"name":"Notre strat\u00e9gie"}]},{"@type":"WebSite","@id":"http:\/\/onceforall.com\/#website","url":"http:\/\/onceforall.com\/","name":"Once For All","description":"","publisher":{"@id":"http:\/\/onceforall.com\/#organization"},"potentialAction":[{"@type":"SearchAction","target":{"@type":"EntryPoint","urlTemplate":"http:\/\/onceforall.com\/?s={search_term_string}"},"query-input":"required name=search_term_string"}],"inLanguage":"fr-FR"},{"@type":"Organization","@id":"http:\/\/onceforall.com\/#organization","name":"Once For All","url":"http:\/\/onceforall.com\/","logo":{"@type":"ImageObject","inLanguage":"fr-FR","@id":"http:\/\/onceforall.com\/#\/schema\/logo\/image\/","url":"https:\/\/onceforall.com\/app\/uploads\/2023\/09\/Once-For-All-favicon.png","contentUrl":"https:\/\/onceforall.com\/app\/uploads\/2023\/09\/Once-For-All-favicon.png","width":32,"height":32,"caption":"Once For All"},"image":{"@id":"http:\/\/onceforall.com\/#\/schema\/logo\/image\/"}}]}},"_links":{"self":[{"href":"https:\/\/onceforall.com\/fr\/wp-json\/wp\/v2\/pages\/3094"}],"collection":[{"href":"https:\/\/onceforall.com\/fr\/wp-json\/wp\/v2\/pages"}],"about":[{"href":"https:\/\/onceforall.com\/fr\/wp-json\/wp\/v2\/types\/page"}],"author":[{"embeddable":true,"href":"https:\/\/onceforall.com\/fr\/wp-json\/wp\/v2\/users\/9"}],"replies":[{"embeddable":true,"href":"https:\/\/onceforall.com\/fr\/wp-json\/wp\/v2\/comments?post=3094"}],"version-history":[{"count":25,"href":"https:\/\/onceforall.com\/fr\/wp-json\/wp\/v2\/pages\/3094\/revisions"}],"predecessor-version":[{"id":4038,"href":"https:\/\/onceforall.com\/fr\/wp-json\/wp\/v2\/pages\/3094\/revisions\/4038"}],"wp:attachment":[{"href":"https:\/\/onceforall.com\/fr\/wp-json\/wp\/v2\/media?parent=3094"}],"curies":[{"name":"wp","href":"https:\/\/api.w.org\/{rel}","templated":true}]}}