{"id":3035,"date":"2022-01-04T10:28:22","date_gmt":"2022-01-04T10:28:22","guid":{"rendered":"https:\/\/onceforall.com\/careers-at-once-for-all\/"},"modified":"2026-01-07T15:34:18","modified_gmt":"2026-01-07T15:34:18","slug":"carrieres-chez-once-for-all","status":"publish","type":"page","link":"https:\/\/onceforall.com\/fr\/about-us\/carrieres-chez-once-for-all\/","title":{"rendered":"Carri\u00e8res chez Once For All"},"content":{"rendered":"","protected":false},"excerpt":{"rendered":"","protected":false},"author":1,"featured_media":0,"parent":3141,"menu_order":0,"comment_status":"closed","ping_status":"closed","template":"","meta":{"_acf_changed":false,"footnotes":""},"acf":[],"yoast_head":"<!-- This site is optimized with the Yoast SEO plugin v22.3 - https:\/\/yoast.com\/wordpress\/plugins\/seo\/ -->\n<title>Carri\u00e8res chez Once For All - Rejoignez l&#039;\u00e9quipe<\/title>\n<meta name=\"description\" content=\"Rejoignez Once For All et participez \u00e0 la construction de la premi\u00e8re plateforme de collaboration pour le secteur du btp.\" \/>\n<meta name=\"robots\" content=\"noindex, nofollow\" \/>\n<meta property=\"og:locale\" content=\"fr_FR\" \/>\n<meta property=\"og:type\" content=\"article\" \/>\n<meta property=\"og:title\" content=\"Carri\u00e8res chez Once For All - Rejoignez l&#039;\u00e9quipe\" \/>\n<meta property=\"og:description\" content=\"Rejoignez Once For All et participez \u00e0 la construction de la premi\u00e8re plateforme de collaboration pour le secteur du btp.\" \/>\n<meta property=\"og:url\" content=\"https:\/\/onceforall.com\/fr\/about-us\/carrieres-chez-once-for-all\/\" \/>\n<meta property=\"og:site_name\" content=\"Once For All\" \/>\n<meta property=\"article:modified_time\" content=\"2026-01-07T15:34:18+00:00\" \/>\n<meta name=\"twitter:card\" content=\"summary_large_image\" \/>\n<script type=\"application\/ld+json\" class=\"yoast-schema-graph\">{\"@context\":\"https:\/\/schema.org\",\"@graph\":[{\"@type\":\"WebPage\",\"@id\":\"https:\/\/onceforall.com\/fr\/about-us\/carrieres-chez-once-for-all\/\",\"url\":\"https:\/\/onceforall.com\/fr\/about-us\/carrieres-chez-once-for-all\/\",\"name\":\"Carri\u00e8res chez Once For All - Rejoignez l'\u00e9quipe\",\"isPartOf\":{\"@id\":\"http:\/\/onceforall.com\/#website\"},\"datePublished\":\"2022-01-04T10:28:22+00:00\",\"dateModified\":\"2026-01-07T15:34:18+00:00\",\"description\":\"Rejoignez Once For All et participez \u00e0 la construction de la premi\u00e8re plateforme de collaboration pour le secteur du btp.\",\"breadcrumb\":{\"@id\":\"https:\/\/onceforall.com\/fr\/about-us\/carrieres-chez-once-for-all\/#breadcrumb\"},\"inLanguage\":\"fr-FR\",\"potentialAction\":[{\"@type\":\"ReadAction\",\"target\":[\"https:\/\/onceforall.com\/fr\/about-us\/carrieres-chez-once-for-all\/\"]}]},{\"@type\":\"BreadcrumbList\",\"@id\":\"https:\/\/onceforall.com\/fr\/about-us\/carrieres-chez-once-for-all\/#breadcrumb\",\"itemListElement\":[{\"@type\":\"ListItem\",\"position\":1,\"name\":\"Home\",\"item\":\"https:\/\/onceforall.com\/fr\/\"},{\"@type\":\"ListItem\",\"position\":2,\"name\":\"About us\",\"item\":\"https:\/\/onceforall.com\/fr\/about-us\/\"},{\"@type\":\"ListItem\",\"position\":3,\"name\":\"Carri\u00e8res chez Once For All\"}]},{\"@type\":\"WebSite\",\"@id\":\"http:\/\/onceforall.com\/#website\",\"url\":\"http:\/\/onceforall.com\/\",\"name\":\"Once For All\",\"description\":\"\",\"publisher\":{\"@id\":\"http:\/\/onceforall.com\/#organization\"},\"potentialAction\":[{\"@type\":\"SearchAction\",\"target\":{\"@type\":\"EntryPoint\",\"urlTemplate\":\"http:\/\/onceforall.com\/?s={search_term_string}\"},\"query-input\":\"required name=search_term_string\"}],\"inLanguage\":\"fr-FR\"},{\"@type\":\"Organization\",\"@id\":\"http:\/\/onceforall.com\/#organization\",\"name\":\"Once For All\",\"url\":\"http:\/\/onceforall.com\/\",\"logo\":{\"@type\":\"ImageObject\",\"inLanguage\":\"fr-FR\",\"@id\":\"http:\/\/onceforall.com\/#\/schema\/logo\/image\/\",\"url\":\"https:\/\/onceforall.com\/app\/uploads\/2023\/09\/Once-For-All-favicon.png\",\"contentUrl\":\"https:\/\/onceforall.com\/app\/uploads\/2023\/09\/Once-For-All-favicon.png\",\"width\":32,\"height\":32,\"caption\":\"Once For All\"},\"image\":{\"@id\":\"http:\/\/onceforall.com\/#\/schema\/logo\/image\/\"}}]}<\/script>\n<!-- \/ Yoast SEO plugin. -->","yoast_head_json":{"title":"Carri\u00e8res chez Once For All - Rejoignez l'\u00e9quipe","description":"Rejoignez Once For All et participez \u00e0 la construction de la premi\u00e8re plateforme de collaboration pour le secteur du btp.","robots":{"index":"noindex","follow":"nofollow"},"og_locale":"fr_FR","og_type":"article","og_title":"Carri\u00e8res chez Once For All - Rejoignez l'\u00e9quipe","og_description":"Rejoignez Once For All et participez \u00e0 la construction de la premi\u00e8re plateforme de collaboration pour le secteur du btp.","og_url":"https:\/\/onceforall.com\/fr\/about-us\/carrieres-chez-once-for-all\/","og_site_name":"Once For All","article_modified_time":"2026-01-07T15:34:18+00:00","twitter_card":"summary_large_image","schema":{"@context":"https:\/\/schema.org","@graph":[{"@type":"WebPage","@id":"https:\/\/onceforall.com\/fr\/about-us\/carrieres-chez-once-for-all\/","url":"https:\/\/onceforall.com\/fr\/about-us\/carrieres-chez-once-for-all\/","name":"Carri\u00e8res chez Once For All - Rejoignez l'\u00e9quipe","isPartOf":{"@id":"http:\/\/onceforall.com\/#website"},"datePublished":"2022-01-04T10:28:22+00:00","dateModified":"2026-01-07T15:34:18+00:00","description":"Rejoignez Once For All et participez \u00e0 la construction de la premi\u00e8re plateforme de collaboration pour le secteur du btp.","breadcrumb":{"@id":"https:\/\/onceforall.com\/fr\/about-us\/carrieres-chez-once-for-all\/#breadcrumb"},"inLanguage":"fr-FR","potentialAction":[{"@type":"ReadAction","target":["https:\/\/onceforall.com\/fr\/about-us\/carrieres-chez-once-for-all\/"]}]},{"@type":"BreadcrumbList","@id":"https:\/\/onceforall.com\/fr\/about-us\/carrieres-chez-once-for-all\/#breadcrumb","itemListElement":[{"@type":"ListItem","position":1,"name":"Home","item":"https:\/\/onceforall.com\/fr\/"},{"@type":"ListItem","position":2,"name":"About us","item":"https:\/\/onceforall.com\/fr\/about-us\/"},{"@type":"ListItem","position":3,"name":"Carri\u00e8res chez Once For All"}]},{"@type":"WebSite","@id":"http:\/\/onceforall.com\/#website","url":"http:\/\/onceforall.com\/","name":"Once For All","description":"","publisher":{"@id":"http:\/\/onceforall.com\/#organization"},"potentialAction":[{"@type":"SearchAction","target":{"@type":"EntryPoint","urlTemplate":"http:\/\/onceforall.com\/?s={search_term_string}"},"query-input":"required name=search_term_string"}],"inLanguage":"fr-FR"},{"@type":"Organization","@id":"http:\/\/onceforall.com\/#organization","name":"Once For All","url":"http:\/\/onceforall.com\/","logo":{"@type":"ImageObject","inLanguage":"fr-FR","@id":"http:\/\/onceforall.com\/#\/schema\/logo\/image\/","url":"https:\/\/onceforall.com\/app\/uploads\/2023\/09\/Once-For-All-favicon.png","contentUrl":"https:\/\/onceforall.com\/app\/uploads\/2023\/09\/Once-For-All-favicon.png","width":32,"height":32,"caption":"Once For All"},"image":{"@id":"http:\/\/onceforall.com\/#\/schema\/logo\/image\/"}}]}},"_links":{"self":[{"href":"https:\/\/onceforall.com\/fr\/wp-json\/wp\/v2\/pages\/3035"}],"collection":[{"href":"https:\/\/onceforall.com\/fr\/wp-json\/wp\/v2\/pages"}],"about":[{"href":"https:\/\/onceforall.com\/fr\/wp-json\/wp\/v2\/types\/page"}],"author":[{"embeddable":true,"href":"https:\/\/onceforall.com\/fr\/wp-json\/wp\/v2\/users\/1"}],"replies":[{"embeddable":true,"href":"https:\/\/onceforall.com\/fr\/wp-json\/wp\/v2\/comments?post=3035"}],"version-history":[{"count":14,"href":"https:\/\/onceforall.com\/fr\/wp-json\/wp\/v2\/pages\/3035\/revisions"}],"predecessor-version":[{"id":3802,"href":"https:\/\/onceforall.com\/fr\/wp-json\/wp\/v2\/pages\/3035\/revisions\/3802"}],"up":[{"embeddable":true,"href":"https:\/\/onceforall.com\/fr\/wp-json\/wp\/v2\/pages\/3141"}],"wp:attachment":[{"href":"https:\/\/onceforall.com\/fr\/wp-json\/wp\/v2\/media?parent=3035"}],"curies":[{"name":"wp","href":"https:\/\/api.w.org\/{rel}","templated":true}]}}